{"id":9143,"date":"2023-05-22T21:41:50","date_gmt":"2023-05-22T19:41:50","guid":{"rendered":"https:\/\/ccargbenelux.com\/legal-es\/"},"modified":"2023-07-29T00:06:53","modified_gmt":"2023-07-28T22:06:53","slug":"legal-es","status":"publish","type":"page","link":"https:\/\/ccargbenelux.com\/es\/legal-es\/","title":{"rendered":"Legal &#8211; ES"},"content":{"rendered":"<p>[vc_row tlg_equal_height=\u00bbequal-height\u00bb css=\u00bb.vc_custom_1670276405329{padding-bottom: 30px !important;background-color: #ffffff !important;}\u00bb][vc_column]<div class=\"headings-title  wpb_animate_when_almost_visible wpb_right-to-left right-to-left\"><div class=\"display-table mb40 mb-xs-40 text-left\"><div class=\"display-cell\" style=\"width:5%;\"><i style=\"color:#75aadb!important;\" class=\"fa fa-balance-scale mr-15 ms-text\"><\/i><\/div><div class=\"display-cell\"><div style=\"color:#75aadb!important;\" class=\"widgetsubtitle\">Marco<\/div><h5 style=\"color:#000000!important;\" class=\"widgettitle mb0\">Legal<\/h5><\/div><\/div><\/div>[vc_column_text css_animation=\u00bbfadeIn\u00bb]Su empresa est\u00e1 en el coraz\u00f3n de la Uni\u00f3n Europea y de una de las mayores econom\u00edas del mundo.<br \/>\nNuestro equipo, que lo asistir\u00e1 tanto en los idiomas locales, ingl\u00e9s y castellano, est\u00e1 a su disposici\u00f3n con idoneidad y experiencia para ayudarlo en esta materia. Es de suma importancia contar la informaci\u00f3n relacionada al marco legal y normativo para poder llevar a cabo con \u00e9xito el desarrollo y\/o la apertura de nuevos negocios, tanto en Argentina como en Benelux.[\/vc_column_text][\/vc_column][\/vc_row][vc_row css=\u00bb.vc_custom_1676047103784{margin-bottom: 0px !important;padding-bottom: 0px !important;background-color: #333333 !important;}\u00bb][vc_column]<div class=\"headings-title  wpb_animate_when_almost_visible wpb_right-to-left right-to-left\"><div class=\"display-table mb40 mb-xs-40 text-left\"><div class=\"display-cell\" style=\"width:5%;\"><i style=\"color:#fcbf49!important;\" class=\"ti-email mr-15 ms-text\"><\/i><\/div><div class=\"display-cell\"><div style=\"color:#fcbf49!important;\" class=\"widgetsubtitle\">Specific information?<\/div><h5 style=\"color:#ffffff!important;\" class=\"widgettitle mb0\">Por favor cont\u00e1ctenos<\/h5><\/div><\/div><\/div>\n<div class=\"wpcf7 no-js\" id=\"wpcf7-f517-o1\" lang=\"en-US\" dir=\"ltr\" data-wpcf7-id=\"517\">\n<div class=\"screen-reader-response\"><p role=\"status\" aria-live=\"polite\" aria-atomic=\"true\"><\/p> <ul><\/ul><\/div>\n<form action=\"\/es\/wp-json\/wp\/v2\/pages\/9143#wpcf7-f517-o1\" method=\"post\" class=\"wpcf7-form init\" aria-label=\"Contact form\" novalidate=\"novalidate\" data-status=\"init\">\n<fieldset class=\"hidden-fields-container\"><input type=\"hidden\" name=\"_wpcf7\" value=\"517\" \/><input type=\"hidden\" name=\"_wpcf7_version\" value=\"6.1.5\" \/><input type=\"hidden\" name=\"_wpcf7_locale\" value=\"en_US\" \/><input type=\"hidden\" name=\"_wpcf7_unit_tag\" value=\"wpcf7-f517-o1\" \/><input type=\"hidden\" name=\"_wpcf7_container_post\" value=\"0\" \/><input type=\"hidden\" name=\"_wpcf7_posted_data_hash\" value=\"\" \/><input type=\"hidden\" name=\"_wpcf7_recaptcha_response\" value=\"\" \/>\n<\/fieldset>\n<div class=\"overflow-hidden\">\n\t<div class=\"half-column half-column-left\">\n\t\t<p><span class=\"wpcf7-form-control-wrap\" data-name=\"your-name\"><input size=\"40\" maxlength=\"400\" class=\"wpcf7-form-control wpcf7-text wpcf7-validates-as-required\" aria-required=\"true\" aria-invalid=\"false\" placeholder=\"Name\" value=\"\" type=\"text\" name=\"your-name\" \/><\/span>\n\t\t<\/p>\n\t<\/div>\n\t<div class=\"half-column half-column-right\">\n\t\t<p><span class=\"wpcf7-form-control-wrap\" data-name=\"your-email\"><input size=\"40\" maxlength=\"400\" class=\"wpcf7-form-control wpcf7-email wpcf7-validates-as-required wpcf7-text wpcf7-validates-as-email\" aria-required=\"true\" aria-invalid=\"false\" placeholder=\"Email\" value=\"\" type=\"email\" name=\"your-email\" \/><\/span>\n\t\t<\/p>\n\t<\/div>\n<\/div>\n<p><span class=\"wpcf7-form-control-wrap\" data-name=\"your-subject\"><input size=\"40\" maxlength=\"400\" class=\"wpcf7-form-control wpcf7-text wpcf7-validates-as-required\" aria-required=\"true\" aria-invalid=\"false\" placeholder=\"Subject\" value=\"\" type=\"text\" name=\"your-subject\" \/><\/span><span class=\"wpcf7-form-control-wrap\" data-name=\"your-message\"><textarea cols=\"40\" rows=\"10\" maxlength=\"2000\" class=\"wpcf7-form-control wpcf7-textarea\" aria-invalid=\"false\" placeholder=\"Message\" name=\"your-message\"><\/textarea><\/span>\n<\/p>\n<p class=\"alignright small-width\"><input class=\"wpcf7-form-control wpcf7-submit has-spinner\" type=\"submit\" value=\"Send\" \/>\n<\/p><div class=\"wpcf7-response-output\" aria-hidden=\"true\"><\/div>\n<\/form>\n<\/div>\n[\/vc_column][\/vc_row][vc_row full_width=\u00bbstretch_row_content\u00bb tlg_large_container=\u00bbwide-container\u00bb tlg_background_style=\u00bbbg-secondary\u00bb tlg_equal_height=\u00bbequal-height\u00bb css=\u00bb.vc_custom_1676047153196{margin-top: 0px !important;padding-top: 0px !important;background-color: #333333 !important;}\u00bb][vc_column width=\u00bb1\/2&#8243;]<div id=\"iconbox-69ea3c1d8ed1e\" class=\"   \" style=\"\"><div class=\"icon-link\"><div class=\"boxed-icon boxed boxed-intro relative mb0 text-center  mt50 \">\n\t\t\t\t\t\t\t\t<i style=\"color:#fcbf49!important;\" class=\"ti-location-pin circle-icon circle-icon-bg small-icon top50  inline-block mb32 l-text fade-color icon-lg\"><\/i>\n\t\t\t\t\t\t\t<h5 style=\"color:#ffffff;\" class=\"widgettitle mb8 mt24\"><\/h5>\n\t\t\t\t\t\t\t<div  class=\"widgetsubtitle mb16\"><\/div>\n\t\t\t\t\t\t\t<div  class=\"icon-content\"><p>B\u00e9lgica<\/p>\n<\/div>\n\t\t\t\t\t\t<\/div><\/div><\/div>[\/vc_column][vc_column width=\u00bb1\/2&#8243;]<div id=\"iconbox-69ea3c1d8ed69\" class=\"   \" style=\"\"><div class=\"icon-link\"><div class=\"boxed-icon boxed boxed-intro relative mb0 text-center  mt50 \">\n\t\t\t\t\t\t\t\t<i style=\"color:#fcbf49!important;\" class=\"ti-email circle-icon circle-icon-bg small-icon top50  inline-block mb32 l-text fade-color icon-lg\"><\/i>\n\t\t\t\t\t\t\t<h5 style=\"color:#ffffff;\" class=\"widgettitle mb8 mt24\"><\/h5>\n\t\t\t\t\t\t\t<div  class=\"widgetsubtitle mb16\"><\/div>\n\t\t\t\t\t\t\t<div  class=\"icon-content\"><\/p>\n<p style=\"text-align: center;\">info@ccargbenelux.com<\/p>\n<p>\n<\/div>\n\t\t\t\t\t\t<\/div><\/div><\/div>[\/vc_column][\/vc_row]<\/p>\n","protected":false},"excerpt":{"rendered":"<p>[vc_row tlg_equal_height=\u00bbequal-height\u00bb css=\u00bb.vc_custom_1670276405329{padding-bottom: 30px !important;background-color: #ffffff !important;}\u00bb][vc_column][vc_column_text css_animation=\u00bbfadeIn\u00bb]Su empresa est\u00e1 en el coraz\u00f3n de la Uni\u00f3n&#8230;<\/p>\n","protected":false},"author":1,"featured_media":8956,"parent":0,"menu_order":0,"comment_status":"closed","ping_status":"closed","template":"","meta":{"footnotes":""},"class_list":["post-9143","page","type-page","status-publish","has-post-thumbnail","hentry"],"_links":{"self":[{"href":"https:\/\/ccargbenelux.com\/es\/wp-json\/wp\/v2\/pages\/9143","targetHints":{"allow":["GET"]}}],"collection":[{"href":"https:\/\/ccargbenelux.com\/es\/wp-json\/wp\/v2\/pages"}],"about":[{"href":"https:\/\/ccargbenelux.com\/es\/wp-json\/wp\/v2\/types\/page"}],"author":[{"embeddable":true,"href":"https:\/\/ccargbenelux.com\/es\/wp-json\/wp\/v2\/users\/1"}],"replies":[{"embeddable":true,"href":"https:\/\/ccargbenelux.com\/es\/wp-json\/wp\/v2\/comments?post=9143"}],"version-history":[{"count":2,"href":"https:\/\/ccargbenelux.com\/es\/wp-json\/wp\/v2\/pages\/9143\/revisions"}],"predecessor-version":[{"id":9146,"href":"https:\/\/ccargbenelux.com\/es\/wp-json\/wp\/v2\/pages\/9143\/revisions\/9146"}],"wp:featuredmedia":[{"embeddable":true,"href":"https:\/\/ccargbenelux.com\/es\/wp-json\/wp\/v2\/media\/8956"}],"wp:attachment":[{"href":"https:\/\/ccargbenelux.com\/es\/wp-json\/wp\/v2\/media?parent=9143"}],"curies":[{"name":"wp","href":"https:\/\/api.w.org\/{rel}","templated":true}]}}