{"id":9109,"date":"2023-05-22T00:25:51","date_gmt":"2023-05-21T22:25:51","guid":{"rendered":"https:\/\/ccargbenelux.com\/foreign-trade-es\/"},"modified":"2023-07-26T23:18:36","modified_gmt":"2023-07-26T21:18:36","slug":"foreign-trade-es","status":"publish","type":"page","link":"https:\/\/ccargbenelux.com\/es\/foreign-trade-es\/","title":{"rendered":"Foreign trade &#8211; ES"},"content":{"rendered":"<p>[vc_row tlg_equal_height=\u00bbequal-height\u00bb css=\u00bb.vc_custom_1670276405329{padding-bottom: 30px !important;background-color: #ffffff !important;}\u00bb][vc_column]<div class=\"headings-title  wpb_animate_when_almost_visible wpb_fadeInRight fadeInRight\"><div class=\"display-table mb40 mb-xs-40 text-left\"><div class=\"display-cell\" style=\"width:5%;\"><i style=\"color:#75aadb!important;\" class=\"ti-light-bulb mr-15 ms-text\"><\/i><\/div><div class=\"display-cell\"><div style=\"color:#75aadb!important;\" class=\"widgetsubtitle\">Cuando la idea es grande<\/div><h5 style=\"color:#000000!important;\" class=\"widgettitle mb0\">No hay l\u00edmites<\/h5><\/div><\/div><\/div>[vc_column_text css_animation=\u00bbfadeIn\u00bb]Acercamos su empresa a la mayor econom\u00eda europea.<\/p>\n<p>Nuestro experiencia junto con una serie de profesionales que nos brindan soporte, nos permite ofrecerle servicios integrales en comercio exterior que posibilitan agregar valor a su empresa. As\u00ed, para consolidar o crear nuevos v\u00ednculos comerciales puede contar tanto con nuestro conocimiento as\u00ed como con nuestra experiencia. De hecho, en el camino hacia nuevos socios comerciales, facilitamos la b\u00fasqueda de direcciones, la realizaci\u00f3n de contactos directos y dem\u00e1s acciones que se requieran para lograr el \u00e9xito comercial.<\/p>\n<p>Adicionalmente, ofrecemos una gesti\u00f3n integral de socios comerciales que abarca desde la organizaci\u00f3n de una agenda de reuniones individuales, control previo a la comercializaci\u00f3n, hasta la asistencia en las negociaciones y la celebraci\u00f3n de contratos .[\/vc_column_text]<div class=\" wpb_animate_when_almost_visible wpb_fadeInUp fadeInUp icon_title_list-content icon-list\"><ul class=\"icon_title_list\"><li><span class=\"inline-block mb8 mr-15\"><i style=\"color:#75aadb;\" class=\"ti-angle-double-right  inline-block icon\"><\/i><\/span><span>Listados gratuitos por sector de actividad de potenciales clientes o proveedores.<\/span><\/li><li><span class=\"inline-block mb8 mr-15\"><i style=\"color:#75aadb;\" class=\"ti-angle-double-right  inline-block icon\"><\/i><\/span><span>Asistencia jur\u00eddica para establecimiento de empresa en Argentina.<\/span><\/li><li><span class=\"inline-block mb8 mr-15\"><i style=\"color:#75aadb;\" class=\"ti-angle-double-right  inline-block icon\"><\/i><\/span><span>Publicaci\u00f3n de ofertas laborales en la bolsa de empleo de la web.<\/span><\/li><li><span class=\"inline-block mb8 mr-15\"><i style=\"color:#75aadb;\" class=\"ti-angle-double-right  inline-block icon\"><\/i><\/span><span>Preselecci\u00f3n de personal.<\/span><\/li><\/ul><\/div>[\/vc_column][\/vc_row][vc_row tlg_background_style=\u00bbbg-secondary\u00bb tlg_padding=\u00bbpb0&#8243; tlg_parallax=\u00bbnot-parallax\u00bb tlg_equal_height=\u00bbequal-height\u00bb][vc_column width=\u00bb1\/3&#8243;]<div id=\"iconbox-69ea3af1255c7\" class=\" wpb_animate_when_almost_visible wpb_bottom-to-top bottom-to-top primary-color-icon  \" style=\"\"><div class=\"icon-link\"><div class=\"display-table mb16 mb-xs-24 text-left\">\n\t\t\t\t    \t\t<div class=\"display-cell vertical-top\">\n\t\t\t\t    \t\t\t<i  class=\"fa fa-legal  inline-block mb32 mr-25 l-text fade-color icon-lg\"><\/i>\n\t\t\t\t    \t\t<\/div>\n\t\t\t\t    \t\t<div class=\"display-cell\">\n\t\t\t\t    \t\t\t<h5  class=\"widgettitle mb8\">Asesoramiento jur\u00eddico.<\/h5>\n\t\t\t\t    \t\t\t<div  class=\"widgetsubtitle\"><\/div>\n\t\t\t\t    \t\t\t<div  class=\"icon-content\"><p>Asesor\u00eda jur\u00eddica y tributaria. Informaci\u00f3n sobre temas aduaneros y requisitos de importaci\u00f3n.<\/p>\n<\/div>\n\t\t\t\t    \t\t<\/div>\n\t\t\t\t    \t<\/div><\/div><\/div>[\/vc_column][vc_column width=\u00bb1\/3&#8243;]<div id=\"iconbox-69ea3af125620\" class=\" wpb_animate_when_almost_visible wpb_bottom-to-top bottom-to-top primary-color-icon  \" style=\"\"><div class=\"icon-link\"><div class=\"display-table mb16 mb-xs-24 text-left\">\n\t\t\t\t    \t\t<div class=\"display-cell vertical-top\">\n\t\t\t\t    \t\t\t<i  class=\"fa fa-chain  inline-block mb32 mr-25 l-text fade-color icon-lg\"><\/i>\n\t\t\t\t    \t\t<\/div>\n\t\t\t\t    \t\t<div class=\"display-cell\">\n\t\t\t\t    \t\t\t<h5  class=\"widgettitle mb8\">Red de Contactos.<\/h5>\n\t\t\t\t    \t\t\t<div  class=\"widgetsubtitle\"><\/div>\n\t\t\t\t    \t\t\t<div  class=\"icon-content\"><p>B\u00fasqueda de direcciones y realizaci\u00f3n de acciones de mailing directo. B\u00fasqueda individual de socio comercial y\/o del proveedor requerido.<\/p>\n<div id=\"gtx-trans\" style=\"position: absolute; left: -12px; top: -15px;\">\n<div class=\"gtx-trans-icon\"><\/div>\n<\/div>\n<p>\n<\/div>\n\t\t\t\t    \t\t<\/div>\n\t\t\t\t    \t<\/div><\/div><\/div>[\/vc_column][vc_column width=\u00bb1\/3&#8243;]<div id=\"iconbox-69ea3af125662\" class=\" wpb_animate_when_almost_visible wpb_bottom-to-top bottom-to-top primary-color-icon  \" style=\"\"><div class=\"icon-link\"><div class=\"display-table mb16 mb-xs-24 text-left\">\n\t\t\t\t    \t\t<div class=\"display-cell vertical-top\">\n\t\t\t\t    \t\t\t<i  class=\"ti-eye  inline-block mb32 mr-25 l-text fade-color icon-lg\"><\/i>\n\t\t\t\t    \t\t<\/div>\n\t\t\t\t    \t\t<div class=\"display-cell\">\n\t\t\t\t    \t\t\t<h5  class=\"widgettitle mb8\">Visibilidad.<\/h5>\n\t\t\t\t    \t\t\t<div  class=\"widgetsubtitle\"><\/div>\n\t\t\t\t    \t\t\t<div  class=\"icon-content\"><p>Organizaci\u00f3n de conferencias de prensa. Organizaci\u00f3n de presentaciones de empresas y productos. Colocaci\u00f3n de avisos y publicaci\u00f3n de art\u00edculos en medios seleccionados.<\/p>\n<div id=\"gtx-trans\" style=\"position: absolute; left: -4px; top: -15px;\">\n<div class=\"gtx-trans-icon\"><\/div>\n<\/div>\n<p>\n<\/div>\n\t\t\t\t    \t\t<\/div>\n\t\t\t\t    \t<\/div><\/div><\/div>[\/vc_column][\/vc_row][vc_row tlg_background_style=\u00bbbg-secondary\u00bb tlg_padding=\u00bbpt0&#8243; tlg_parallax=\u00bbnot-parallax\u00bb tlg_equal_height=\u00bbequal-height\u00bb][vc_column width=\u00bb1\/3&#8243;]<div id=\"iconbox-69ea3af1256ae\" class=\" wpb_animate_when_almost_visible wpb_bottom-to-top bottom-to-top primary-color-icon  \" style=\"\"><div class=\"icon-link\"><div class=\"display-table mb16 mb-xs-24 text-left\">\n\t\t\t\t    \t\t<div class=\"display-cell vertical-top\">\n\t\t\t\t    \t\t\t<i  class=\"ti-pulse  inline-block mb32 mr-25 l-text fade-color icon-lg\"><\/i>\n\t\t\t\t    \t\t<\/div>\n\t\t\t\t    \t\t<div class=\"display-cell\">\n\t\t\t\t    \t\t\t<h5  class=\"widgettitle mb8\">Mercadotecnia.<\/h5>\n\t\t\t\t    \t\t\t<div  class=\"widgetsubtitle\"><\/div>\n\t\t\t\t    \t\t\t<div  class=\"icon-content\"><p>Estudios e informes de mercado. Identificaci\u00f3n de importadores, representantes, fabricantes.<\/p>\n<div id=\"gtx-trans\" style=\"position: absolute; left: -116px; top: -15px;\">\n<div class=\"gtx-trans-icon\"><\/div>\n<\/div>\n<p>\n<\/div>\n\t\t\t\t    \t\t<\/div>\n\t\t\t\t    \t<\/div><\/div><\/div>[\/vc_column][vc_column width=\u00bb1\/3&#8243;]<div id=\"iconbox-69ea3af125713\" class=\" wpb_animate_when_almost_visible wpb_bottom-to-top bottom-to-top primary-color-icon  \" style=\"\"><div class=\"icon-link\"><div class=\"display-table mb16 mb-xs-24 text-left\">\n\t\t\t\t    \t\t<div class=\"display-cell vertical-top\">\n\t\t\t\t    \t\t\t<i  class=\"ti-basketball  inline-block mb32 mr-25 l-text fade-color icon-lg\"><\/i>\n\t\t\t\t    \t\t<\/div>\n\t\t\t\t    \t\t<div class=\"display-cell\">\n\t\t\t\t    \t\t\t<h5  class=\"widgettitle mb8\">Espacios de networking.<\/h5>\n\t\t\t\t    \t\t\t<div  class=\"widgetsubtitle\"><\/div>\n\t\t\t\t    \t\t\t<div  class=\"icon-content\"><p>Realizaci\u00f3n de delegaciones comerciales. Coordination of business rounds. Participation in monographic fairs.<\/p>\n<\/div>\n\t\t\t\t    \t\t<\/div>\n\t\t\t\t    \t<\/div><\/div><\/div>[\/vc_column][vc_column width=\u00bb1\/3&#8243;]<div id=\"iconbox-69ea3af12574a\" class=\" wpb_animate_when_almost_visible wpb_bottom-to-top bottom-to-top primary-color-icon  \" style=\"\"><div class=\"icon-link\"><div class=\"display-table mb16 mb-xs-24 text-left\">\n\t\t\t\t    \t\t<div class=\"display-cell vertical-top\">\n\t\t\t\t    \t\t\t<i  class=\"fa fa-language  inline-block mb32 mr-25 l-text fade-color icon-lg\"><\/i>\n\t\t\t\t    \t\t<\/div>\n\t\t\t\t    \t\t<div class=\"display-cell\">\n\t\t\t\t    \t\t\t<h5  class=\"widgettitle mb8\">Soporte necesario.<\/h5>\n\t\t\t\t    \t\t\t<div  class=\"widgetsubtitle\"><\/div>\n\t\t\t\t    \t\t\t<div  class=\"icon-content\"><p>Traductores en las lenguas oficiales para lo que necesiten.<\/p>\n<\/div>\n\t\t\t\t    \t\t<\/div>\n\t\t\t\t    \t<\/div><\/div><\/div>[\/vc_column][\/vc_row][vc_row css=\u00bb.vc_custom_1676047103784{margin-bottom: 0px !important;padding-bottom: 0px !important;background-color: #333333 !important;}\u00bb][vc_column]<div class=\"headings-title \"><div class=\"display-table mb40 mb-xs-40 text-left\"><div class=\"display-cell\" style=\"width:5%;\"><i style=\"color:#fcbf49!important;\" class=\"ti-email mr-15 ms-text\"><\/i><\/div><div class=\"display-cell\"><div style=\"color:#fcbf49!important;\" class=\"widgetsubtitle\">\u00bfNecesita informaci\u00f3n concreta?<\/div><h5 style=\"color:#ffffff!important;\" class=\"widgettitle mb0\">Por favor cont\u00e1ctenos<\/h5><\/div><\/div><\/div>\n<div class=\"wpcf7 no-js\" id=\"wpcf7-f9099-o1\" lang=\"en-US\" dir=\"ltr\" data-wpcf7-id=\"9099\">\n<div class=\"screen-reader-response\"><p role=\"status\" aria-live=\"polite\" aria-atomic=\"true\"><\/p> <ul><\/ul><\/div>\n<form action=\"\/es\/wp-json\/wp\/v2\/pages\/9109#wpcf7-f9099-o1\" method=\"post\" class=\"wpcf7-form init\" aria-label=\"Contact form\" novalidate=\"novalidate\" data-status=\"init\">\n<fieldset class=\"hidden-fields-container\"><input type=\"hidden\" name=\"_wpcf7\" value=\"9099\" \/><input type=\"hidden\" name=\"_wpcf7_version\" value=\"6.1.5\" \/><input type=\"hidden\" name=\"_wpcf7_locale\" value=\"en_US\" \/><input type=\"hidden\" name=\"_wpcf7_unit_tag\" value=\"wpcf7-f9099-o1\" \/><input type=\"hidden\" name=\"_wpcf7_container_post\" value=\"0\" \/><input type=\"hidden\" name=\"_wpcf7_posted_data_hash\" value=\"\" \/><input type=\"hidden\" name=\"_wpcf7_recaptcha_response\" value=\"\" \/>\n<\/fieldset>\n<div class=\"overflow-hidden\">\n\t<div class=\"half-column half-column-left\">\n\t\t<p><span class=\"wpcf7-form-control-wrap\" data-name=\"your-name\"><input size=\"40\" maxlength=\"400\" class=\"wpcf7-form-control wpcf7-text wpcf7-validates-as-required\" aria-required=\"true\" aria-invalid=\"false\" placeholder=\"Nombre y Apellido\" value=\"\" type=\"text\" name=\"your-name\" \/><\/span>\n\t\t<\/p>\n\t<\/div>\n\t<div class=\"half-column half-column-right\">\n\t\t<p><span class=\"wpcf7-form-control-wrap\" data-name=\"your-email\"><input size=\"40\" maxlength=\"400\" class=\"wpcf7-form-control wpcf7-email wpcf7-validates-as-required wpcf7-text wpcf7-validates-as-email\" aria-required=\"true\" aria-invalid=\"false\" placeholder=\"Email\" value=\"\" type=\"email\" name=\"your-email\" \/><\/span>\n\t\t<\/p>\n\t<\/div>\n<\/div>\n<p><span class=\"wpcf7-form-control-wrap\" data-name=\"your-subject\"><input size=\"40\" maxlength=\"400\" class=\"wpcf7-form-control wpcf7-text wpcf7-validates-as-required\" aria-required=\"true\" aria-invalid=\"false\" placeholder=\"Asunto\" value=\"\" type=\"text\" name=\"your-subject\" \/><\/span><span class=\"wpcf7-form-control-wrap\" data-name=\"your-message\"><textarea cols=\"40\" rows=\"10\" maxlength=\"2000\" class=\"wpcf7-form-control wpcf7-textarea\" aria-invalid=\"false\" placeholder=\"Mensaje\" name=\"your-message\"><\/textarea><\/span>\n<\/p>\n<p class=\"alignright small-width\"><input class=\"wpcf7-form-control wpcf7-submit has-spinner\" type=\"submit\" value=\"Enviar\" \/>\n<\/p><div class=\"wpcf7-response-output\" aria-hidden=\"true\"><\/div>\n<\/form>\n<\/div>\n[\/vc_column][\/vc_row][vc_row full_width=\u00bbstretch_row_content\u00bb tlg_large_container=\u00bbwide-container\u00bb tlg_background_style=\u00bbbg-secondary\u00bb tlg_equal_height=\u00bbequal-height\u00bb css=\u00bb.vc_custom_1676047153196{margin-top: 0px !important;padding-top: 0px !important;background-color: #333333 !important;}\u00bb][vc_column width=\u00bb1\/2&#8243;]<div id=\"iconbox-69ea3af127137\" class=\"   \" style=\"\"><div class=\"icon-link\"><div class=\"boxed-icon boxed boxed-intro relative mb0 text-center  mt50 \">\n\t\t\t\t\t\t\t\t<i style=\"color:#fcbf49!important;\" class=\"ti-location-pin circle-icon circle-icon-bg small-icon top50  inline-block mb32 l-text fade-color icon-lg\"><\/i>\n\t\t\t\t\t\t\t<h5 style=\"color:#ffffff;\" class=\"widgettitle mb8 mt24\"><\/h5>\n\t\t\t\t\t\t\t<div  class=\"widgetsubtitle mb16\"><\/div>\n\t\t\t\t\t\t\t<div  class=\"icon-content\"><\/p>\n<p style=\"text-align: center;\">B\u00e9lgica<\/p>\n<p>\n<\/div>\n\t\t\t\t\t\t<\/div><\/div><\/div>[\/vc_column][vc_column width=\u00bb1\/2&#8243;]<div id=\"iconbox-69ea3af127181\" class=\"   \" style=\"\"><div class=\"icon-link\"><div class=\"boxed-icon boxed boxed-intro relative mb0 text-center  mt50 \">\n\t\t\t\t\t\t\t\t<i style=\"color:#fcbf49!important;\" class=\"ti-email circle-icon circle-icon-bg small-icon top50  inline-block mb32 l-text fade-color icon-lg\"><\/i>\n\t\t\t\t\t\t\t<h5 style=\"color:#ffffff;\" class=\"widgettitle mb8 mt24\"><\/h5>\n\t\t\t\t\t\t\t<div  class=\"widgetsubtitle mb16\"><\/div>\n\t\t\t\t\t\t\t<div  class=\"icon-content\"><\/p>\n<p style=\"text-align: center;\">info@ccargbenelux.com<\/p>\n<p>\n<\/div>\n\t\t\t\t\t\t<\/div><\/div><\/div>[\/vc_column][\/vc_row]<\/p>\n","protected":false},"excerpt":{"rendered":"<p>[vc_row tlg_equal_height=\u00bbequal-height\u00bb css=\u00bb.vc_custom_1670276405329{padding-bottom: 30px !important;background-color: #ffffff !important;}\u00bb][vc_column][vc_column_text css_animation=\u00bbfadeIn\u00bb]Acercamos su empresa a la mayor econom\u00eda europea. Nuestro&#8230;<\/p>\n","protected":false},"author":1,"featured_media":8956,"parent":0,"menu_order":0,"comment_status":"closed","ping_status":"closed","template":"","meta":{"footnotes":""},"class_list":["post-9109","page","type-page","status-publish","has-post-thumbnail","hentry"],"_links":{"self":[{"href":"https:\/\/ccargbenelux.com\/es\/wp-json\/wp\/v2\/pages\/9109","targetHints":{"allow":["GET"]}}],"collection":[{"href":"https:\/\/ccargbenelux.com\/es\/wp-json\/wp\/v2\/pages"}],"about":[{"href":"https:\/\/ccargbenelux.com\/es\/wp-json\/wp\/v2\/types\/page"}],"author":[{"embeddable":true,"href":"https:\/\/ccargbenelux.com\/es\/wp-json\/wp\/v2\/users\/1"}],"replies":[{"embeddable":true,"href":"https:\/\/ccargbenelux.com\/es\/wp-json\/wp\/v2\/comments?post=9109"}],"version-history":[{"count":5,"href":"https:\/\/ccargbenelux.com\/es\/wp-json\/wp\/v2\/pages\/9109\/revisions"}],"predecessor-version":[{"id":9135,"href":"https:\/\/ccargbenelux.com\/es\/wp-json\/wp\/v2\/pages\/9109\/revisions\/9135"}],"wp:featuredmedia":[{"embeddable":true,"href":"https:\/\/ccargbenelux.com\/es\/wp-json\/wp\/v2\/media\/8956"}],"wp:attachment":[{"href":"https:\/\/ccargbenelux.com\/es\/wp-json\/wp\/v2\/media?parent=9109"}],"curies":[{"name":"wp","href":"https:\/\/api.w.org\/{rel}","templated":true}]}}