{"id":9104,"date":"2023-05-22T20:23:00","date_gmt":"2023-05-22T18:23:00","guid":{"rendered":"https:\/\/ccargbenelux.com\/ferias-y-exposiciones-es\/"},"modified":"2023-07-26T17:47:09","modified_gmt":"2023-07-26T15:47:09","slug":"ferias-y-exposiciones-es","status":"publish","type":"page","link":"https:\/\/ccargbenelux.com\/es\/ferias-y-exposiciones-es\/","title":{"rendered":"Ferias y Exposiciones &#8211; ES"},"content":{"rendered":"<p>[vc_row tlg_equal_height=\u00bbequal-height\u00bb css=\u00bb.vc_custom_1684783953814{padding-bottom: 20px !important;background-color: #ffffff !important;}\u00bb][vc_column]<div class=\"headings-title  wpb_animate_when_almost_visible wpb_fadeInRight fadeInRight\"><div class=\"display-table mb40 mb-xs-40 text-left\"><div class=\"display-cell\" style=\"width:5%;\"><i style=\"color:#75aadb!important;\" class=\"ti-flag-alt-2 mr-15 ms-text\"><\/i><\/div><div class=\"display-cell\"><div style=\"color:#75aadb!important;\" class=\"widgetsubtitle\">Un lugar para promocionar<\/div><h5 style=\"color:#000000!important;\" class=\"widgettitle mb0\">Tu empresa o producto<\/h5><\/div><\/div><\/div>[vc_column_text css_animation=\u00bbfadeIn\u00bb]Las ferias internacionales son el instrumento de marketing m\u00e1s efectivo para establecer y ampliar sus contactos. Son la plataforma ideal para obtener una visi\u00f3n global de los mercados, informarse sobre las tendencias y \u00faltimos desarrollos tecnol\u00f3gicos de su sector. En Benelux se realizan ferias l\u00edderes a nivel mundial de todos los sectores de la industria.<br \/>\nComo servicio en el sector, la C\u00e1mara le ofrece toda la informaci\u00f3n necesaria para la organizaci\u00f3n de su participaci\u00f3n como visitante o expositor, asesor\u00e1ndolos en todos los aspectos de su participaci\u00f3n ferial.[\/vc_column_text][\/vc_column][\/vc_row][vc_row tlg_equal_height=\u00bbequal-height\u00bb css=\u00bb.vc_custom_1684784094713{margin-top: 0px !important;padding-top: 20px !important;padding-bottom: 20px !important;}\u00bb][vc_column][vc_text_separator title=\u00bbServicios para expositores\u00bb title_align=\u00bbseparator_align_left\u00bb align=\u00bbalign_left\u00bb color=\u00bborange\u00bb border_width=\u00bb2&#8243; el_class=\u00bbseparador-con-texto\u00bb]<div id=\"iconbox-69ea39e4840b0\" class=\" wpb_animate_when_almost_visible wpb_bottom-to-top bottom-to-top primary-color-icon  \" style=\"\"><div class=\"icon-link\"><div class=\"display-table mb16 mb-xs-24 text-left\">\n\t\t\t\t    \t\t<div class=\"display-cell vertical-top\">\n\t\t\t\t    \t\t\t<i  class=\"ti-announcement  inline-block mb32 mr-25 l-text fade-color icon-lg\"><\/i>\n\t\t\t\t    \t\t<\/div>\n\t\t\t\t    \t\t<div class=\"display-cell\">\n\t\t\t\t    \t\t\t<h5  class=\"widgettitle mb8\">Asistencia en marketing.<\/h5>\n\t\t\t\t    \t\t\t<div  class=\"widgetsubtitle\"><\/div>\n\t\t\t\t    \t\t\t<div  class=\"icon-content\"><p>Acciones de mailing a grupos meta definidos por Usted. Divulgaci\u00f3n de material promocional.<\/p>\n<\/div>\n\t\t\t\t    \t\t<\/div>\n\t\t\t\t    \t<\/div><\/div><\/div><div class=\"tlg-spacer \" data-height=\"30\" data-height-tablet=\"30\" data-height-mobile=\"30\" style=\"clear:both;display:block;height:30px;\"><\/div><div id=\"iconbox-69ea39e484115\" class=\" wpb_animate_when_almost_visible wpb_bottom-to-top bottom-to-top primary-color-icon  \" style=\"\"><div class=\"icon-link\"><div class=\"display-table mb16 mb-xs-24 text-left\">\n\t\t\t\t    \t\t<div class=\"display-cell vertical-top\">\n\t\t\t\t    \t\t\t<i  class=\"ti-layers-alt  inline-block mb32 mr-25 l-text fade-color icon-lg\"><\/i>\n\t\t\t\t    \t\t<\/div>\n\t\t\t\t    \t\t<div class=\"display-cell\">\n\t\t\t\t    \t\t\t<h5  class=\"widgettitle mb8\">Log\u00edstica 360.<\/h5>\n\t\t\t\t    \t\t\t<div  class=\"widgetsubtitle\"><\/div>\n\t\t\t\t    \t\t\t<div  class=\"icon-content\"><p>Soporte en la organizaci\u00f3n del viaje y hospedaje. Servicio de traducci\u00f3n. Contrataci\u00f3n de recepcionistas y\/o int\u00e9rpretes.<\/p>\n<\/div>\n\t\t\t\t    \t\t<\/div>\n\t\t\t\t    \t<\/div><\/div><\/div>[\/vc_column][\/vc_row][vc_row tlg_equal_height=\u00bbequal-height\u00bb css=\u00bb.vc_custom_1684784104938{padding-top: 20px !important;padding-bottom: 20px !important;}\u00bb][vc_column][vc_text_separator title=\u00bbServicios para visitantes\u00bb title_align=\u00bbseparator_align_left\u00bb align=\u00bbalign_left\u00bb color=\u00bborange\u00bb border_width=\u00bb2&#8243; el_class=\u00bbseparador-con-texto\u00bb]<div id=\"iconbox-69ea39e484148\" class=\" wpb_animate_when_almost_visible wpb_bottom-to-top bottom-to-top primary-color-icon  \" style=\"\"><div class=\"icon-link\"><div class=\"display-table mb16 mb-xs-24 text-left\">\n\t\t\t\t    \t\t<div class=\"display-cell vertical-top\">\n\t\t\t\t    \t\t\t<i  class=\"ti-pulse  inline-block mb32 mr-25 l-text fade-color icon-lg\"><\/i>\n\t\t\t\t    \t\t<\/div>\n\t\t\t\t    \t\t<div class=\"display-cell\">\n\t\t\t\t    \t\t\t<h5  class=\"widgettitle mb8\">Acciones de marketing<\/h5>\n\t\t\t\t    \t\t\t<div  class=\"widgetsubtitle\"><\/div>\n\t\t\t\t    \t\t\t<div  class=\"icon-content\"><p>Acciones de mailing a grupos meta definidos por Usted. Divulgaci\u00f3n de material promocional.<\/p>\n<\/div>\n\t\t\t\t    \t\t<\/div>\n\t\t\t\t    \t<\/div><\/div><\/div><div class=\"tlg-spacer \" data-height=\"30\" data-height-tablet=\"30\" data-height-mobile=\"30\" style=\"clear:both;display:block;height:30px;\"><\/div><div id=\"iconbox-69ea39e48418f\" class=\" wpb_animate_when_almost_visible wpb_bottom-to-top bottom-to-top primary-color-icon  \" style=\"\"><div class=\"icon-link\"><div class=\"display-table mb16 mb-xs-24 text-left\">\n\t\t\t\t    \t\t<div class=\"display-cell vertical-top\">\n\t\t\t\t    \t\t\t<i  class=\"ti-package  inline-block mb32 mr-25 l-text fade-color icon-lg\"><\/i>\n\t\t\t\t    \t\t<\/div>\n\t\t\t\t    \t\t<div class=\"display-cell\">\n\t\t\t\t    \t\t\t<h5  class=\"widgettitle mb8\">Asistencia log\u00edstica integral<\/h5>\n\t\t\t\t    \t\t\t<div  class=\"widgetsubtitle\"><\/div>\n\t\t\t\t    \t\t\t<div  class=\"icon-content\"><p>Soporte en la organizaci\u00f3n del viaje y hospedaje. Servicio de traducci\u00f3n.<\/p>\n<\/div>\n\t\t\t\t    \t\t<\/div>\n\t\t\t\t    \t<\/div><\/div><\/div><div class=\"tlg-spacer \" data-height=\"30\" data-height-tablet=\"30\" data-height-mobile=\"30\" style=\"clear:both;display:block;height:30px;\"><\/div><div id=\"iconbox-69ea39e4841d7\" class=\" wpb_animate_when_almost_visible wpb_bottom-to-top bottom-to-top primary-color-icon  \" style=\"\"><div class=\"icon-link\"><div class=\"display-table mb16 mb-xs-24 text-left\">\n\t\t\t\t    \t\t<div class=\"display-cell vertical-top\">\n\t\t\t\t    \t\t\t<i  class=\"ti-world  inline-block mb32 mr-25 l-text fade-color icon-lg\"><\/i>\n\t\t\t\t    \t\t<\/div>\n\t\t\t\t    \t\t<div class=\"display-cell\">\n\t\t\t\t    \t\t\t<h5  class=\"widgettitle mb8\">Networking estrat\u00e9gico<\/h5>\n\t\t\t\t    \t\t\t<div  class=\"widgetsubtitle\"><\/div>\n\t\t\t\t    \t\t\t<div  class=\"icon-content\"><p>Armado de agendas de negocio. Realizaci\u00f3n de delegaciones t\u00e9cnicas. Programaci\u00f3n de visitas t\u00e9cnicas.<\/p>\n<\/div>\n\t\t\t\t    \t\t<\/div>\n\t\t\t\t    \t<\/div><\/div><\/div>[\/vc_column][\/vc_row][vc_row css=\u00bb.vc_custom_1676047103784{margin-bottom: 0px !important;padding-bottom: 0px !important;background-color: #333333 !important;}\u00bb][vc_column]<div class=\"headings-title \"><div class=\"display-table mb40 mb-xs-40 text-left\"><div class=\"display-cell\" style=\"width:5%;\"><i style=\"color:#fcbf49!important;\" class=\"ti-email mr-15 ms-text\"><\/i><\/div><div class=\"display-cell\"><div style=\"color:#fcbf49!important;\" class=\"widgetsubtitle\">\u00bfNecesita informaci\u00f3n espec\u00edfica?<\/div><h5 style=\"color:#ffffff!important;\" class=\"widgettitle mb0\">Por favor cont\u00e1ctenos<\/h5><\/div><\/div><\/div>\n<div class=\"wpcf7 no-js\" id=\"wpcf7-f9099-o1\" lang=\"en-US\" dir=\"ltr\" data-wpcf7-id=\"9099\">\n<div class=\"screen-reader-response\"><p role=\"status\" aria-live=\"polite\" aria-atomic=\"true\"><\/p> <ul><\/ul><\/div>\n<form action=\"\/es\/wp-json\/wp\/v2\/pages\/9104#wpcf7-f9099-o1\" method=\"post\" class=\"wpcf7-form init\" aria-label=\"Contact form\" novalidate=\"novalidate\" data-status=\"init\">\n<fieldset class=\"hidden-fields-container\"><input type=\"hidden\" name=\"_wpcf7\" value=\"9099\" \/><input type=\"hidden\" name=\"_wpcf7_version\" value=\"6.1.5\" \/><input type=\"hidden\" name=\"_wpcf7_locale\" value=\"en_US\" \/><input type=\"hidden\" name=\"_wpcf7_unit_tag\" value=\"wpcf7-f9099-o1\" \/><input type=\"hidden\" name=\"_wpcf7_container_post\" value=\"0\" \/><input type=\"hidden\" name=\"_wpcf7_posted_data_hash\" value=\"\" \/><input type=\"hidden\" name=\"_wpcf7_recaptcha_response\" value=\"\" \/>\n<\/fieldset>\n<div class=\"overflow-hidden\">\n\t<div class=\"half-column half-column-left\">\n\t\t<p><span class=\"wpcf7-form-control-wrap\" data-name=\"your-name\"><input size=\"40\" maxlength=\"400\" class=\"wpcf7-form-control wpcf7-text wpcf7-validates-as-required\" aria-required=\"true\" aria-invalid=\"false\" placeholder=\"Nombre y Apellido\" value=\"\" type=\"text\" name=\"your-name\" \/><\/span>\n\t\t<\/p>\n\t<\/div>\n\t<div class=\"half-column half-column-right\">\n\t\t<p><span class=\"wpcf7-form-control-wrap\" data-name=\"your-email\"><input size=\"40\" maxlength=\"400\" class=\"wpcf7-form-control wpcf7-email wpcf7-validates-as-required wpcf7-text wpcf7-validates-as-email\" aria-required=\"true\" aria-invalid=\"false\" placeholder=\"Email\" value=\"\" type=\"email\" name=\"your-email\" \/><\/span>\n\t\t<\/p>\n\t<\/div>\n<\/div>\n<p><span class=\"wpcf7-form-control-wrap\" data-name=\"your-subject\"><input size=\"40\" maxlength=\"400\" class=\"wpcf7-form-control wpcf7-text wpcf7-validates-as-required\" aria-required=\"true\" aria-invalid=\"false\" placeholder=\"Asunto\" value=\"\" type=\"text\" name=\"your-subject\" \/><\/span><span class=\"wpcf7-form-control-wrap\" data-name=\"your-message\"><textarea cols=\"40\" rows=\"10\" maxlength=\"2000\" class=\"wpcf7-form-control wpcf7-textarea\" aria-invalid=\"false\" placeholder=\"Mensaje\" name=\"your-message\"><\/textarea><\/span>\n<\/p>\n<p class=\"alignright small-width\"><input class=\"wpcf7-form-control wpcf7-submit has-spinner\" type=\"submit\" value=\"Enviar\" \/>\n<\/p><div class=\"wpcf7-response-output\" aria-hidden=\"true\"><\/div>\n<\/form>\n<\/div>\n[\/vc_column][\/vc_row][vc_row full_width=\u00bbstretch_row_content\u00bb tlg_large_container=\u00bbwide-container\u00bb tlg_background_style=\u00bbbg-secondary\u00bb tlg_equal_height=\u00bbequal-height\u00bb css=\u00bb.vc_custom_1676047153196{margin-top: 0px !important;padding-top: 0px !important;background-color: #333333 !important;}\u00bb][vc_column width=\u00bb1\/2&#8243;]<div id=\"iconbox-69ea39e485569\" class=\"   \" style=\"\"><div class=\"icon-link\"><div class=\"boxed-icon boxed boxed-intro relative mb0 text-center  mt50 \">\n\t\t\t\t\t\t\t\t<i style=\"color:#fcbf49!important;\" class=\"ti-location-pin circle-icon circle-icon-bg small-icon top50  inline-block mb32 l-text fade-color icon-lg\"><\/i>\n\t\t\t\t\t\t\t<h5 style=\"color:#ffffff;\" class=\"widgettitle mb8 mt24\"><\/h5>\n\t\t\t\t\t\t\t<div  class=\"widgetsubtitle mb16\"><\/div>\n\t\t\t\t\t\t\t<div  class=\"icon-content\"><\/p>\n<p style=\"text-align: center;\">B\u00e9lgica<\/p>\n<p>\n<\/div>\n\t\t\t\t\t\t<\/div><\/div><\/div>[\/vc_column][vc_column width=\u00bb1\/2&#8243;]<div id=\"iconbox-69ea39e4855ae\" class=\"   \" style=\"\"><div class=\"icon-link\"><div class=\"boxed-icon boxed boxed-intro relative mb0 text-center  mt50 \">\n\t\t\t\t\t\t\t\t<i style=\"color:#fcbf49!important;\" class=\"ti-email circle-icon circle-icon-bg small-icon top50  inline-block mb32 l-text fade-color icon-lg\"><\/i>\n\t\t\t\t\t\t\t<h5 style=\"color:#ffffff;\" class=\"widgettitle mb8 mt24\"><\/h5>\n\t\t\t\t\t\t\t<div  class=\"widgetsubtitle mb16\"><\/div>\n\t\t\t\t\t\t\t<div  class=\"icon-content\"><\/p>\n<p style=\"text-align: center;\">info@ccargbenelux.com<\/p>\n<p>\n<\/div>\n\t\t\t\t\t\t<\/div><\/div><\/div>[\/vc_column][\/vc_row]<\/p>\n","protected":false},"excerpt":{"rendered":"<p>[vc_row tlg_equal_height=\u00bbequal-height\u00bb css=\u00bb.vc_custom_1684783953814{padding-bottom: 20px !important;background-color: #ffffff !important;}\u00bb][vc_column][vc_column_text css_animation=\u00bbfadeIn\u00bb]Las ferias internacionales son el instrumento de marketing m\u00e1s&#8230;<\/p>\n","protected":false},"author":1,"featured_media":8956,"parent":0,"menu_order":0,"comment_status":"closed","ping_status":"closed","template":"","meta":{"footnotes":""},"class_list":["post-9104","page","type-page","status-publish","has-post-thumbnail","hentry"],"_links":{"self":[{"href":"https:\/\/ccargbenelux.com\/es\/wp-json\/wp\/v2\/pages\/9104","targetHints":{"allow":["GET"]}}],"collection":[{"href":"https:\/\/ccargbenelux.com\/es\/wp-json\/wp\/v2\/pages"}],"about":[{"href":"https:\/\/ccargbenelux.com\/es\/wp-json\/wp\/v2\/types\/page"}],"author":[{"embeddable":true,"href":"https:\/\/ccargbenelux.com\/es\/wp-json\/wp\/v2\/users\/1"}],"replies":[{"embeddable":true,"href":"https:\/\/ccargbenelux.com\/es\/wp-json\/wp\/v2\/comments?post=9104"}],"version-history":[{"count":3,"href":"https:\/\/ccargbenelux.com\/es\/wp-json\/wp\/v2\/pages\/9104\/revisions"}],"predecessor-version":[{"id":9108,"href":"https:\/\/ccargbenelux.com\/es\/wp-json\/wp\/v2\/pages\/9104\/revisions\/9108"}],"wp:featuredmedia":[{"embeddable":true,"href":"https:\/\/ccargbenelux.com\/es\/wp-json\/wp\/v2\/media\/8956"}],"wp:attachment":[{"href":"https:\/\/ccargbenelux.com\/es\/wp-json\/wp\/v2\/media?parent=9104"}],"curies":[{"name":"wp","href":"https:\/\/api.w.org\/{rel}","templated":true}]}}