{"id":9096,"date":"2023-02-10T20:20:40","date_gmt":"2023-02-10T19:20:40","guid":{"rendered":"https:\/\/ccargbenelux.com\/comunicacion-y-mkt-es\/"},"modified":"2023-07-26T17:08:17","modified_gmt":"2023-07-26T15:08:17","slug":"comunicacion-y-mkt-es","status":"publish","type":"page","link":"https:\/\/ccargbenelux.com\/es\/comunicacion-y-mkt-es\/","title":{"rendered":"Comunicaci\u00f3n y MKT &#8211; ES"},"content":{"rendered":"<p>[vc_row tlg_equal_height=\u00bbequal-height\u00bb css=\u00bb.vc_custom_1670276405329{padding-bottom: 30px !important;background-color: #ffffff !important;}\u00bb][vc_column]<div class=\"headings-title  wpb_animate_when_almost_visible wpb_fadeInRight fadeInRight\"><div class=\"display-table mb40 mb-xs-40 text-left\"><div class=\"display-cell\" style=\"width:5%;\"><i style=\"color:#75aadb!important;\" class=\"ti-announcement mr-15 ms-text\"><\/i><\/div><div class=\"display-cell\"><div style=\"color:#75aadb!important;\" class=\"widgetsubtitle\">La comunicaci\u00f3n es una herramienta poderosa<\/div><h5 style=\"color:#000000!important;\" class=\"widgettitle mb0\">Cuando se maneja con eficacia<\/h5><\/div><\/div><\/div>[vc_column_text css_animation=\u00bbfadeIn\u00bb]Con colaboradores expertos en marketing y comunicaci\u00f3n, potenciamos el posicionamiento de nuestros socios a trav\u00e9s de diversas estrategias.<br \/>\nSab\u00eda que se env\u00edan m\u00e1s de 500.000 tweets, se escriben 40 millones de mensajes por Whatsapp, se reciben m\u00e1s de 200 millones de mails en todo el mundo por minuto?<br \/>\nLa comunicaci\u00f3n digital es una nueva herramienta que ayuda e impulsa a las empresas a buscar nuevas t\u00e1cticas para posicionar su marca y ser reconocidas globalmente.<br \/>\nComo aplicarla?<br \/>\nLa nueva era digital permite a trav\u00e9s de distintas estrategias y metodolog\u00edas, como la generaci\u00f3n de contenidos atractivos para sus audiencias, segmentaciones de mercado, alcances, entre otras, poder cubrir este complejo escenario, el cual est\u00e1 en cambio permanente.<br \/>\nPara ello, contamos con una gama de servicios para ayudarlos.[\/vc_column_text]<div class=\" wpb_animate_when_almost_visible wpb_fadeInUp fadeInUp icon_title_list-content icon-list\"><ul class=\"icon_title_list\"><li><span class=\"inline-block mb8 mr-15\"><i style=\"color:#75aadb;\" class=\"ti-angle-double-right  inline-block icon\"><\/i><\/span><span>Descripci\u00f3n y logo inclu\u00eddo de los socios de la p\u00e1gina web y anuario.<\/span><\/li><li><span class=\"inline-block mb8 mr-15\"><i style=\"color:#75aadb;\" class=\"ti-angle-double-right  inline-block icon\"><\/i><\/span><span>Anuncio de nueva adhesi\u00f3n en la Newsletter y redes sociales.<\/span><\/li><li><span class=\"inline-block mb8 mr-15\"><i style=\"color:#75aadb;\" class=\"ti-angle-double-right  inline-block icon\"><\/i><\/span><span>Publicaci\u00f3n de informaci\u00f3n sobre la actividad de la empresa en la secci\u00f3n \u201cActividad de nuestros socios\u201d de la Newsletter y en nuestras redes sociales.<\/span><\/li><\/ul><\/div>[\/vc_column][\/vc_row][vc_row css=\u00bb.vc_custom_1676047103784{margin-bottom: 0px !important;padding-bottom: 0px !important;background-color: #333333 !important;}\u00bb][vc_column]<div class=\"headings-title \"><div class=\"display-table mb40 mb-xs-40 text-left\"><div class=\"display-cell\" style=\"width:5%;\"><i style=\"color:#fcbf49!important;\" class=\"ti-email mr-15 ms-text\"><\/i><\/div><div class=\"display-cell\"><div style=\"color:#fcbf49!important;\" class=\"widgetsubtitle\">\u00bfNecesita informaci\u00f3n espec\u00edfica?<\/div><h5 style=\"color:#ffffff!important;\" class=\"widgettitle mb0\">Por favor cont\u00e1ctenos<\/h5><\/div><\/div><\/div>\n<div class=\"wpcf7 no-js\" id=\"wpcf7-f9099-o1\" lang=\"en-US\" dir=\"ltr\" data-wpcf7-id=\"9099\">\n<div class=\"screen-reader-response\"><p role=\"status\" aria-live=\"polite\" aria-atomic=\"true\"><\/p> <ul><\/ul><\/div>\n<form action=\"\/es\/wp-json\/wp\/v2\/pages\/9096#wpcf7-f9099-o1\" method=\"post\" class=\"wpcf7-form init\" aria-label=\"Contact form\" novalidate=\"novalidate\" data-status=\"init\">\n<fieldset class=\"hidden-fields-container\"><input type=\"hidden\" name=\"_wpcf7\" value=\"9099\" \/><input type=\"hidden\" name=\"_wpcf7_version\" value=\"6.1.5\" \/><input type=\"hidden\" name=\"_wpcf7_locale\" value=\"en_US\" \/><input type=\"hidden\" name=\"_wpcf7_unit_tag\" value=\"wpcf7-f9099-o1\" \/><input type=\"hidden\" name=\"_wpcf7_container_post\" value=\"0\" \/><input type=\"hidden\" name=\"_wpcf7_posted_data_hash\" value=\"\" \/><input type=\"hidden\" name=\"_wpcf7_recaptcha_response\" value=\"\" \/>\n<\/fieldset>\n<div class=\"overflow-hidden\">\n\t<div class=\"half-column half-column-left\">\n\t\t<p><span class=\"wpcf7-form-control-wrap\" data-name=\"your-name\"><input size=\"40\" maxlength=\"400\" class=\"wpcf7-form-control wpcf7-text wpcf7-validates-as-required\" aria-required=\"true\" aria-invalid=\"false\" placeholder=\"Nombre y Apellido\" value=\"\" type=\"text\" name=\"your-name\" \/><\/span>\n\t\t<\/p>\n\t<\/div>\n\t<div class=\"half-column half-column-right\">\n\t\t<p><span class=\"wpcf7-form-control-wrap\" data-name=\"your-email\"><input size=\"40\" maxlength=\"400\" class=\"wpcf7-form-control wpcf7-email wpcf7-validates-as-required wpcf7-text wpcf7-validates-as-email\" aria-required=\"true\" aria-invalid=\"false\" placeholder=\"Email\" value=\"\" type=\"email\" name=\"your-email\" \/><\/span>\n\t\t<\/p>\n\t<\/div>\n<\/div>\n<p><span class=\"wpcf7-form-control-wrap\" data-name=\"your-subject\"><input size=\"40\" maxlength=\"400\" class=\"wpcf7-form-control wpcf7-text wpcf7-validates-as-required\" aria-required=\"true\" aria-invalid=\"false\" placeholder=\"Asunto\" value=\"\" type=\"text\" name=\"your-subject\" \/><\/span><span class=\"wpcf7-form-control-wrap\" data-name=\"your-message\"><textarea cols=\"40\" rows=\"10\" maxlength=\"2000\" class=\"wpcf7-form-control wpcf7-textarea\" aria-invalid=\"false\" placeholder=\"Mensaje\" name=\"your-message\"><\/textarea><\/span>\n<\/p>\n<p class=\"alignright small-width\"><input class=\"wpcf7-form-control wpcf7-submit has-spinner\" type=\"submit\" value=\"Enviar\" \/>\n<\/p><div class=\"wpcf7-response-output\" aria-hidden=\"true\"><\/div>\n<\/form>\n<\/div>\n[\/vc_column][\/vc_row][vc_row full_width=\u00bbstretch_row_content\u00bb tlg_large_container=\u00bbwide-container\u00bb tlg_background_style=\u00bbbg-secondary\u00bb tlg_equal_height=\u00bbequal-height\u00bb css=\u00bb.vc_custom_1676047153196{margin-top: 0px !important;padding-top: 0px !important;background-color: #333333 !important;}\u00bb][vc_column width=\u00bb1\/2&#8243;]<div id=\"iconbox-69ea3bc04da58\" class=\"   \" style=\"\"><div class=\"icon-link\"><div class=\"boxed-icon boxed boxed-intro relative mb0 text-center  mt50 \">\n\t\t\t\t\t\t\t\t<i style=\"color:#fcbf49!important;\" class=\"ti-location-pin circle-icon circle-icon-bg small-icon top50  inline-block mb32 l-text fade-color icon-lg\"><\/i>\n\t\t\t\t\t\t\t<h5 style=\"color:#ffffff;\" class=\"widgettitle mb8 mt24\"><\/h5>\n\t\t\t\t\t\t\t<div  class=\"widgetsubtitle mb16\"><\/div>\n\t\t\t\t\t\t\t<div  class=\"icon-content\"><\/p>\n<p style=\"text-align: center;\">B\u00e9lgica<\/p>\n<p>\n<\/div>\n\t\t\t\t\t\t<\/div><\/div><\/div>[\/vc_column][vc_column width=\u00bb1\/2&#8243;]<div id=\"iconbox-69ea3bc04daa7\" class=\"   \" style=\"\"><div class=\"icon-link\"><div class=\"boxed-icon boxed boxed-intro relative mb0 text-center  mt50 \">\n\t\t\t\t\t\t\t\t<i style=\"color:#fcbf49!important;\" class=\"ti-email circle-icon circle-icon-bg small-icon top50  inline-block mb32 l-text fade-color icon-lg\"><\/i>\n\t\t\t\t\t\t\t<h5 style=\"color:#ffffff;\" class=\"widgettitle mb8 mt24\"><\/h5>\n\t\t\t\t\t\t\t<div  class=\"widgetsubtitle mb16\"><\/div>\n\t\t\t\t\t\t\t<div  class=\"icon-content\"><\/p>\n<p style=\"text-align: center;\">info@ccargbenelux.com<\/p>\n<p>\n<\/div>\n\t\t\t\t\t\t<\/div><\/div><\/div>[\/vc_column][\/vc_row]<\/p>\n","protected":false},"excerpt":{"rendered":"<p>[vc_row tlg_equal_height=\u00bbequal-height\u00bb css=\u00bb.vc_custom_1670276405329{padding-bottom: 30px !important;background-color: #ffffff !important;}\u00bb][vc_column][vc_column_text css_animation=\u00bbfadeIn\u00bb]Con colaboradores expertos en marketing y comunicaci\u00f3n, potenciamos el&#8230;<\/p>\n","protected":false},"author":1,"featured_media":8956,"parent":0,"menu_order":0,"comment_status":"closed","ping_status":"closed","template":"","meta":{"footnotes":""},"class_list":["post-9096","page","type-page","status-publish","has-post-thumbnail","hentry"],"_links":{"self":[{"href":"https:\/\/ccargbenelux.com\/es\/wp-json\/wp\/v2\/pages\/9096","targetHints":{"allow":["GET"]}}],"collection":[{"href":"https:\/\/ccargbenelux.com\/es\/wp-json\/wp\/v2\/pages"}],"about":[{"href":"https:\/\/ccargbenelux.com\/es\/wp-json\/wp\/v2\/types\/page"}],"author":[{"embeddable":true,"href":"https:\/\/ccargbenelux.com\/es\/wp-json\/wp\/v2\/users\/1"}],"replies":[{"embeddable":true,"href":"https:\/\/ccargbenelux.com\/es\/wp-json\/wp\/v2\/comments?post=9096"}],"version-history":[{"count":3,"href":"https:\/\/ccargbenelux.com\/es\/wp-json\/wp\/v2\/pages\/9096\/revisions"}],"predecessor-version":[{"id":9100,"href":"https:\/\/ccargbenelux.com\/es\/wp-json\/wp\/v2\/pages\/9096\/revisions\/9100"}],"wp:featuredmedia":[{"embeddable":true,"href":"https:\/\/ccargbenelux.com\/es\/wp-json\/wp\/v2\/media\/8956"}],"wp:attachment":[{"href":"https:\/\/ccargbenelux.com\/es\/wp-json\/wp\/v2\/media?parent=9096"}],"curies":[{"name":"wp","href":"https:\/\/api.w.org\/{rel}","templated":true}]}}