{"id":9054,"date":"2023-01-22T12:44:39","date_gmt":"2023-01-22T11:44:39","guid":{"rendered":"https:\/\/ccargbenelux.com\/about-us-es\/"},"modified":"2024-03-21T23:43:08","modified_gmt":"2024-03-21T22:43:08","slug":"about-us-es","status":"publish","type":"page","link":"https:\/\/ccargbenelux.com\/es\/about-us-es\/","title":{"rendered":"About us &#8211; ES"},"content":{"rendered":"<p>[vc_row tlg_equal_height=\u00bbequal-height\u00bb css=\u00bb.vc_custom_1680617937171{background-color: #ffffff !important;}\u00bb][vc_column css=\u00bb.vc_custom_1676046321029{margin-top: 0px !important;margin-right: 0px !important;margin-bottom: 0px !important;margin-left: 0px !important;padding-top: 0px !important;padding-right: 0px !important;padding-bottom: 0px !important;padding-left: 0px !important;}\u00bb]<div class=\"headings-title  wpb_animate_when_almost_visible wpb_right-to-left right-to-left\"><div class=\"display-table mb40 mb-xs-40 text-left\"><div class=\"display-cell\" style=\"width:5%;\"><i style=\"color:#75aadb!important;\" class=\"ti-id-badge mr-15 ms-text\"><\/i><\/div><div class=\"display-cell\"><div style=\"color:#75aadb!important;\" class=\"widgetsubtitle\">Necesita ayuda?<\/div><h5 style=\"color:#000000!important;\" class=\"widgettitle mb0\">Aqu\u00ed estamos.<\/h5><\/div><\/div><\/div>[vc_column_text css_animation=\u00bbnone\u00bb]La <strong>C\u00c1MARA ARGENTINA DE COMERCIO EN BENELUX<\/strong>\u00a0es una entidad sin fines de lucro que tiene por principal objeto representar, promover y defender los intereses generales del comercio, la industria y los servicios, creando puentes entre las Naciones donde tiene competencia. Para el cumplimiento de este fin se trabaja en la formaci\u00f3n del conocimiento, en talleres, foros, conferencias, y seminarios, asimismo con la asistencia a ferias, ruedas de negocios, espacios de networking y citas comerciales, culturales y art\u00edsticas.<br \/>\nSean bienvenidos a sumar ideas y voluntades.<\/p>\n<p>Promocionar las relaciones econ\u00f3micas bilaterales entre la Rep\u00fablica Argentina y Benelux, cultivando los contactos interpersonales para impulsar m\u00e1s y mejores v\u00ednculos comerciales, culturales y de cooperaci\u00f3n entre las instituciones y los c\u00edrculos econ\u00f3micos interesados de ambos pa\u00edses.[\/vc_column_text][\/vc_column][\/vc_row][vc_row disable_element=\u00bbyes\u00bb tlg_background_style=\u00bbbg-secondary\u00bb css=\u00bb.vc_custom_1684282626179{background-color: #eeeeee !important;}\u00bb][vc_column width=\u00bb1\/2&#8243;]<div id=\"iconbox-69ea37a9c35c5\" class=\" wpb_animate_when_almost_visible wpb_fadeIn fadeIn   \" style=\"padding: 0 7px;\"><div class=\"icon-link\"><a class=\"inherit\" href= \"https:\/\/ccargbenelux.com\/alliances-en-homelink\/\" target=\"_self\" ><div class=\"boxed boxed-intro relative mb0 inner-title hover-reveal  \" style=\"border: 7px solid #75aadb; margin: -7px;\">\n\t\t\t\t\t\t\t<i style=\"color:#fcbf49!important;\" class=\"ti-medall  inline-block mb32 lg-text fade-color icon-lg\"><\/i><h5 style=\"color:#75aadb;\" class=\"widgettitle mb0 \">Alianzas<\/h5><div  class=\"widgetsubtitle mb16\">Lorem ipsum<\/div>\n\t\t\t\t\t\t\t<div class=\"title\">\n\t\t\t\t\t\t\t\t<h5 style=\"color:#75aadb;\" class=\"widgettitle mb8 \">Alianzas<\/h5>\n\t\t\t\t\t\t\t\t<div  class=\"icon-content\"><p><span style=\"color: #ffffff;\">Suspendisse pretium orci ullamcorper odio bibendum suscipit vel nec nulla. Quisque sodales eget eros non semper.<\/span><br \/>\n<span style=\"color: #ffffff;\"><a style=\"color: #ffffff;\" href=\"https:\/\/ccargbenelux.com\/alliances-en\/\">Leer m\u00e1s<\/a><\/span><\/p>\n\n\t\t\t\t\t\t\t\t<\/div>\n\t\t\t\t\t\t\t<\/div>\n\t\t\t\t\t\t<\/div><\/a><\/div><\/div><script type=\"text\/javascript\">jQuery(document).ready(function(){jQuery('head').append('<style type=\"text\/css\" id=\"tlg-custom-css-iconbox-69ea37a9c35c5\">#iconbox-69ea37a9c35c5 .icon-link:hover a{color:#75aadb!important;}#iconbox-69ea37a9c35c5 .icon-link:hover .widgettitle{color:#ffffff!important;}<\/style>');});<\/script>[\/vc_column][vc_column width=\u00bb1\/2&#8243;]<div id=\"iconbox-69ea37a9c3636\" class=\" wpb_animate_when_almost_visible wpb_fadeIn fadeIn   \" style=\"padding: 0 7px;\"><div class=\"icon-link\"><a class=\"inherit\" href= \"https:\/\/ccargbenelux.com\/alliances-en-homelink\/\" target=\"_self\" ><div class=\"boxed boxed-intro relative mb0 inner-title hover-reveal  \" style=\"border: 7px solid #75aadb; margin: -7px;\">\n\t\t\t\t\t\t\t<i style=\"color:#fcbf49!important;\" class=\"ti-medall  inline-block mb32 lg-text fade-color icon-lg\"><\/i><h5 style=\"color:#75aadb;\" class=\"widgettitle mb0 \">Alianzas<\/h5><div  class=\"widgetsubtitle mb16\">Lorem ipsum<\/div>\n\t\t\t\t\t\t\t<div class=\"title\">\n\t\t\t\t\t\t\t\t<h5 style=\"color:#75aadb;\" class=\"widgettitle mb8 \">Alianzas<\/h5>\n\t\t\t\t\t\t\t\t<div  class=\"icon-content\"><p><span style=\"color: #ffffff;\">Suspendisse pretium orci ullamcorper odio bibendum suscipit vel nec nulla. Quisque sodales eget eros non semper.<\/span><br \/>\n<span style=\"color: #ffffff;\"><a style=\"color: #ffffff;\" href=\"https:\/\/ccargbenelux.com\/alliances-en\/\">Leer m\u00e1s<\/a><\/span><\/p>\n\n\t\t\t\t\t\t\t\t<\/div>\n\t\t\t\t\t\t\t<\/div>\n\t\t\t\t\t\t<\/div><\/a><\/div><\/div><script type=\"text\/javascript\">jQuery(document).ready(function(){jQuery('head').append('<style type=\"text\/css\" id=\"tlg-custom-css-iconbox-69ea37a9c3636\">#iconbox-69ea37a9c3636 .icon-link:hover a{color:#75aadb!important;}#iconbox-69ea37a9c3636 .icon-link:hover .widgettitle{color:#ffffff!important;}<\/style>');});<\/script>[\/vc_column][\/vc_row][vc_row css_animation=\u00bbfadeIn\u00bb tlg_background_style=\u00bbbg-dark\u00bb tlg_enable_overlay=\u00bbyes\u00bb tlg_vertical_align=\u00bbyes\u00bb tlg_equal_height=\u00bbequal-height\u00bb css=\u00bb.vc_custom_1680618392472{border-top-width: 12px !important;border-bottom-width: 12px !important;background-image: url(https:\/\/ccargbenelux.com\/wp-content\/uploads\/2022\/08\/bg.jpg?id=6888) !important;border-top-color: #75aadb !important;border-top-style: solid !important;border-bottom-color: #75aadb !important;border-bottom-style: solid !important;}\u00bb][vc_column]<div class=\"headings-title  wpb_animate_when_almost_visible wpb_right-to-left right-to-left\"><div class=\"display-table mb40 mb-xs-40 text-left\"><div class=\"display-cell\" style=\"width:5%;\"><i style=\"color:#fcbf49!important;\" class=\"ti-direction mr-15 ms-text\"><\/i><\/div><div class=\"display-cell\"><div style=\"color:#fcbf49!important;\" class=\"widgetsubtitle\">Nuestra<\/div><h5  class=\"widgettitle mb0\">Misi\u00f3n y Visi\u00f3n<\/h5><\/div><\/div><\/div>[vc_column_text css_animation=\u00bbnone\u00bb]<\/p>\n<ul>\n<li>Queremos ser la puerta de entrada a los mercados internacionales utilizando el potencial de la red mundial de c\u00e1maras y acortando distancias para responder a los retos globales.<\/li>\n<li>Crecer junto a nuestros socios bas\u00e1ndonos en la confianza mutua y siempre orientados a aumentar su satisfacci\u00f3n.<\/li>\n<li>Ser referentes en la generaci\u00f3n de negocios exitosos, innovadores y transparentes a trav\u00e9s de nuestros servicios.<\/li>\n<\/ul>\n<p>[\/vc_column_text][\/vc_column][\/vc_row][vc_row tlg_equal_height=\u00bbequal-height\u00bb css=\u00bb.vc_custom_1680617937171{background-color: #ffffff !important;}\u00bb][vc_column css=\u00bb.vc_custom_1676046321029{margin-top: 0px !important;margin-right: 0px !important;margin-bottom: 0px !important;margin-left: 0px !important;padding-top: 0px !important;padding-right: 0px !important;padding-bottom: 0px !important;padding-left: 0px !important;}\u00bb][vc_column_text css_animation=\u00bbfadeIn\u00bb]<br \/>\nFacilitar toda la asistencia posible para lograr mayores grados de internacionalizaci\u00f3n empresarial de las econom\u00edas regionales y as\u00ed poder incrementar la actividad comercial bilateral, con profesionalismo, confiabilidad y sustentabilidad en el tiempo.<\/p>\n<p>Ampliar fronteras y acercar culturas que nos ayuden a descubrir en mercados no tradicionales, nuevas oportunidades de intercambio y desarrollo mutuo, fortaleciendo los lazos de amistad entre las naciones.<\/p>\n<p>[\/vc_column_text][\/vc_column][\/vc_row][vc_row disable_element=\u00bbyes\u00bb tlg_padding=\u00bbpb0&#8243; css=\u00bb.vc_custom_1675291864386{padding-top: 5% !important;}\u00bb el_class=\u00bbabout-us_title-argentina-numbers\u00bb][vc_column]<div class=\"headings-title  wpb_animate_when_almost_visible wpb_fadeIn fadeIn\"><div class=\"mb0  mb-xs-40 text-center\"><h5  class=\"widgettitle \">La C\u00e1mara de Comercio Argentina<\/h5><div class=\"divider-wrap\"><i  class=\"ti-stats-up\"><\/i><div  class=\"tlg-divider\"><\/div><\/div><div  class=\"widgetsubtitle\">in numbers<\/div><\/div><\/div>[\/vc_column][\/vc_row][vc_row full_width=\u00bbstretch_row_content\u00bb css_animation=\u00bbfadeIn\u00bb disable_element=\u00bbyes\u00bb tlg_padding=\u00bbpt64 pb64&#8243; tlg_enable_overlay=\u00bbyes\u00bb tlg_equal_height=\u00bbequal-height\u00bb tlg_bg_overlay=\u00bb#75aadb\u00bb tlg_bg_overlay_value=\u00bb5&#8243; tlg_bg_gradient_color=\u00bb#9dd8f2&#8243;][vc_column width=\u00bb1\/2&#8243;]<div id=\"iconbox-69ea37a9c36d4\" class=\" wpb_animate_when_almost_visible wpb_bounceInUp bounceInUp   \" style=\"\"><div class=\"icon-link\"><div class=\"boxed-icon boxed boxed-intro relative mb0 text-center \">\n\t\t\t\t\t\t\t\t<i  class=\"ti-exchange-vertical  inline-block mb32 l-text fade-color icon-lg\"><\/i>\n\t\t\t\t\t\t\t<h5  class=\"widgettitle mb0 \">10<\/h5>\n\t\t\t\t\t\t\t<div  class=\"widgetsubtitle mb16\">countries covered<\/div>\n\t\t\t\t\t\t\t<div  class=\"icon-content\"><\/p>\n<p style=\"text-align: left;\"><span style=\"color: #000000;\">Nam cursus ipsum et lacus blandit, consequat volutpat leo porta. Maecenas at enim ut sem faucibus dapibus in non neque.<\/span><\/p>\n<p>\n<\/div>\n\t\t\t\t\t\t<\/div><\/div><\/div>[vc_empty_space height=\u00bb22px\u00bb]<div id=\"iconbox-69ea37a9c3aa1\" class=\" wpb_animate_when_almost_visible wpb_bounceInUp bounceInUp   \" style=\"\"><div class=\"icon-link\"><div class=\"boxed-icon boxed boxed-intro relative mb0 text-center \">\n\t\t\t\t\t\t\t\t<i  class=\"ti-exchange-vertical  inline-block mb32 l-text fade-color icon-lg\"><\/i>\n\t\t\t\t\t\t\t<h5  class=\"widgettitle mb0 \">10<\/h5>\n\t\t\t\t\t\t\t<div  class=\"widgetsubtitle mb16\">countries covered<\/div>\n\t\t\t\t\t\t\t<div  class=\"icon-content\"><\/p>\n<p style=\"text-align: left;\"><span style=\"color: #000000;\">Nam cursus ipsum et lacus blandit, consequat volutpat leo porta. Maecenas at enim ut sem faucibus dapibus in non neque.<\/span><\/p>\n<p>\n<\/div>\n\t\t\t\t\t\t<\/div><\/div><\/div>[\/vc_column][vc_column width=\u00bb1\/2&#8243;]<div id=\"iconbox-69ea37a9c3cf8\" class=\" wpb_animate_when_almost_visible wpb_bounceInUp bounceInUp   \" style=\"\"><div class=\"icon-link\"><div class=\"boxed-icon boxed boxed-intro relative mb0 text-center \">\n\t\t\t\t\t\t\t\t<i  class=\"ti-bar-chart-alt  inline-block mb32 l-text fade-color icon-lg\"><\/i>\n\t\t\t\t\t\t\t<h5  class=\"widgettitle mb0 \">400<\/h5>\n\t\t\t\t\t\t\t<div  class=\"widgetsubtitle mb16\">members join us<\/div>\n\t\t\t\t\t\t\t<div  class=\"icon-content\"><\/p>\n<p style=\"text-align: left;\"><span style=\"color: #000000;\">Nam cursus ipsum et lacus blandit, consequat volutpat leo porta. Maecenas at enim ut sem faucibus dapibus in non neque.<\/span><\/p>\n<p>\n<\/div>\n\t\t\t\t\t\t<\/div><\/div><\/div>[vc_empty_space height=\u00bb22px\u00bb]<div id=\"iconbox-69ea37a9c3efc\" class=\" wpb_animate_when_almost_visible wpb_bounceInUp bounceInUp   \" style=\"\"><div class=\"icon-link\"><div class=\"boxed-icon boxed boxed-intro relative mb0 text-center \">\n\t\t\t\t\t\t\t\t<i  class=\"ti-bar-chart  inline-block mb32 l-text fade-color icon-lg\"><\/i>\n\t\t\t\t\t\t\t<h5  class=\"widgettitle mb0 \">49<\/h5>\n\t\t\t\t\t\t\t<div  class=\"widgetsubtitle mb16\">49 sectors represented<\/div>\n\t\t\t\t\t\t\t<div  class=\"icon-content\"><\/p>\n<p style=\"text-align: left;\"><span style=\"color: #000000;\">Nam cursus ipsum et lacus blandit, consequat volutpat leo porta. Maecenas at enim ut sem faucibus dapibus in non neque.<\/span><\/p>\n<p>\n<\/div>\n\t\t\t\t\t\t<\/div><\/div><\/div>[\/vc_column][\/vc_row][vc_row disable_element=\u00bbyes\u00bb tlg_text_align=\u00bbtext-center\u00bb css=\u00bb.vc_custom_1676217869056{background-color: #ffffff !important;}\u00bb][vc_column width=\u00bb1\/6&#8243;][\/vc_column][vc_column width=\u00bb2\/3&#8243;][vc_column_text]<\/p>\n<h4 style=\"text-align: center;\"><strong>Supported by<\/strong><\/h4>\n<p>[\/vc_column_text]<div class=\" logo-standard row\"><div class=\"col-sm-3 text-center\">\n\t<div class=\"inline-block\" data-toggle=\"tooltip\" data-placement=\"top\" title=\"Desarrollo del comercio exterior\" data-original-title=\"Desarrollo del comercio exterior\">\n\t\t<img loading=\"lazy\" decoding=\"async\" width=\"250\" height=\"120\" src=\"https:\/\/ccargbenelux.com\/wp-content\/uploads\/2023\/05\/ministerio-arg.jpg\" class=\"image-s mb-xs-8 fade-35 wp-post-image\" alt=\"\" \/>\t<\/div>\n<\/div><div class=\"col-sm-3 text-center\">\n\t<div class=\"inline-block\" data-toggle=\"tooltip\" data-placement=\"top\" title=\"BANK BICE\" data-original-title=\"BANK BICE\">\n\t\t<img loading=\"lazy\" decoding=\"async\" width=\"250\" height=\"120\" src=\"https:\/\/ccargbenelux.com\/wp-content\/uploads\/2023\/05\/banco-bice-1.jpg\" class=\"image-s mb-xs-8 fade-35 wp-post-image\" alt=\"\" \/>\t<\/div>\n<\/div><div class=\"col-sm-3 text-center\">\n\t<div class=\"inline-block\" data-toggle=\"tooltip\" data-placement=\"top\" title=\"AIR EUROPA\" data-original-title=\"AIR EUROPA\">\n\t\t<img loading=\"lazy\" decoding=\"async\" width=\"250\" height=\"120\" src=\"https:\/\/ccargbenelux.com\/wp-content\/uploads\/2023\/05\/air-europa.jpg\" class=\"image-s mb-xs-8 fade-35 wp-post-image\" alt=\"\" \/>\t<\/div>\n<\/div><\/div>[\/vc_column][vc_column width=\u00bb1\/6&#8243;][\/vc_column][\/vc_row][vc_row tlg_background_style=\u00bbbg-dark\u00bb][vc_column]<div class=\"headings-title  wpb_animate_when_almost_visible wpb_right-to-left right-to-left\"><div class=\"display-table mb40 mb-xs-40 text-left\"><div class=\"display-cell\" style=\"width:5%;\"><i style=\"color:#fcbf49!important;\" class=\"ti-user mr-15 ms-text\"><\/i><\/div><div class=\"display-cell\"><div style=\"color:#fcbf49!important;\" class=\"widgetsubtitle\">Junta<\/div><h5 style=\"color:#ffffff!important;\" class=\"widgettitle mb0\">Directiva<\/h5><\/div><\/div><\/div>[vc_empty_space height=\u00bb10px\u00bb]<div class=\" wpb_animate_when_almost_visible wpb_fadeInUp fadeInUp row\"><div class=\"col-sm-4 text-center mb8\">\n    <div class=\"image-box image-round inner-title hover-reveal text-center mb0\">\n        <img loading=\"lazy\" decoding=\"async\" width=\"644\" height=\"644\" src=\"https:\/\/ccargbenelux.com\/wp-content\/uploads\/2023\/02\/D-Carlos.jpg\" class=\"attachment-full size-full wp-post-image\" alt=\"\" srcset=\"https:\/\/ccargbenelux.com\/wp-content\/uploads\/2023\/02\/D-Carlos.jpg 644w, https:\/\/ccargbenelux.com\/wp-content\/uploads\/2023\/02\/D-Carlos-300x300.jpg 300w, https:\/\/ccargbenelux.com\/wp-content\/uploads\/2023\/02\/D-Carlos-150x150.jpg 150w, https:\/\/ccargbenelux.com\/wp-content\/uploads\/2023\/02\/D-Carlos-60x60.jpg 60w\" sizes=\"auto, (max-width: 644px) 100vw, 644px\" \/>        <div class=\"title\">\n            <h4 class=\"mb0\">\n            Carlos Gonz\u00e1lez Bonet            <\/h4>\n            <span>Presidente<\/span>                                <\/div>\n    <\/div>\n<\/div><div class=\"col-sm-4 text-center mb8\">\n    <div class=\"image-box image-round inner-title hover-reveal text-center mb0\">\n        <img loading=\"lazy\" decoding=\"async\" width=\"644\" height=\"644\" src=\"https:\/\/ccargbenelux.com\/wp-content\/uploads\/2023\/02\/D-Fabi.jpg\" class=\"attachment-full size-full wp-post-image\" alt=\"\" srcset=\"https:\/\/ccargbenelux.com\/wp-content\/uploads\/2023\/02\/D-Fabi.jpg 644w, https:\/\/ccargbenelux.com\/wp-content\/uploads\/2023\/02\/D-Fabi-300x300.jpg 300w, https:\/\/ccargbenelux.com\/wp-content\/uploads\/2023\/02\/D-Fabi-150x150.jpg 150w, https:\/\/ccargbenelux.com\/wp-content\/uploads\/2023\/02\/D-Fabi-60x60.jpg 60w\" sizes=\"auto, (max-width: 644px) 100vw, 644px\" \/>        <div class=\"title\">\n            <h4 class=\"mb0\">\n            Fabi\u00e1n Casal            <\/h4>\n            <span>Vice Presidente<\/span>                                <\/div>\n    <\/div>\n<\/div><div class=\"col-sm-4 text-center mb8\">\n    <div class=\"image-box image-round inner-title hover-reveal text-center mb0\">\n        <img loading=\"lazy\" decoding=\"async\" width=\"644\" height=\"644\" src=\"https:\/\/ccargbenelux.com\/wp-content\/uploads\/2023\/02\/D-Claudia.jpg\" class=\"attachment-full size-full wp-post-image\" alt=\"\" srcset=\"https:\/\/ccargbenelux.com\/wp-content\/uploads\/2023\/02\/D-Claudia.jpg 644w, https:\/\/ccargbenelux.com\/wp-content\/uploads\/2023\/02\/D-Claudia-300x300.jpg 300w, https:\/\/ccargbenelux.com\/wp-content\/uploads\/2023\/02\/D-Claudia-150x150.jpg 150w, https:\/\/ccargbenelux.com\/wp-content\/uploads\/2023\/02\/D-Claudia-60x60.jpg 60w\" sizes=\"auto, (max-width: 644px) 100vw, 644px\" \/>        <div class=\"title\">\n            <h4 class=\"mb0\">\n            Claudia M\u00e1rsico            <\/h4>\n            <span>Miembro de la Junta<\/span>                                <\/div>\n    <\/div>\n<\/div><\/div><div class=\"row mt24\"><div class=\"col-sm-4 text-center mb8\">\n    <div class=\"image-box image-round inner-title hover-reveal text-center mb0\">\n        <img loading=\"lazy\" decoding=\"async\" width=\"644\" height=\"644\" src=\"https:\/\/ccargbenelux.com\/wp-content\/uploads\/2023\/02\/D-Maxi.jpg\" class=\"attachment-full size-full wp-post-image\" alt=\"\" srcset=\"https:\/\/ccargbenelux.com\/wp-content\/uploads\/2023\/02\/D-Maxi.jpg 644w, https:\/\/ccargbenelux.com\/wp-content\/uploads\/2023\/02\/D-Maxi-300x300.jpg 300w, https:\/\/ccargbenelux.com\/wp-content\/uploads\/2023\/02\/D-Maxi-150x150.jpg 150w, https:\/\/ccargbenelux.com\/wp-content\/uploads\/2023\/02\/D-Maxi-60x60.jpg 60w\" sizes=\"auto, (max-width: 644px) 100vw, 644px\" \/>        <div class=\"title\">\n            <h4 class=\"mb0\">\n            Maximiliano Santy            <\/h4>\n            <span>Tesorero<\/span>                                <\/div>\n    <\/div>\n<\/div><div class=\"col-sm-4 text-center mb8\">\n    <div class=\"image-box image-round inner-title hover-reveal text-center mb0\">\n        <img loading=\"lazy\" decoding=\"async\" width=\"644\" height=\"644\" src=\"https:\/\/ccargbenelux.com\/wp-content\/uploads\/2023\/02\/D-Barbara.jpg\" class=\"attachment-full size-full wp-post-image\" alt=\"\" srcset=\"https:\/\/ccargbenelux.com\/wp-content\/uploads\/2023\/02\/D-Barbara.jpg 644w, https:\/\/ccargbenelux.com\/wp-content\/uploads\/2023\/02\/D-Barbara-300x300.jpg 300w, https:\/\/ccargbenelux.com\/wp-content\/uploads\/2023\/02\/D-Barbara-150x150.jpg 150w, https:\/\/ccargbenelux.com\/wp-content\/uploads\/2023\/02\/D-Barbara-60x60.jpg 60w\" sizes=\"auto, (max-width: 644px) 100vw, 644px\" \/>        <div class=\"title\">\n            <h4 class=\"mb0\">\n            B\u00e1rbara Pereyra            <\/h4>\n            <span>Miembro de la Junta<\/span>                                <\/div>\n    <\/div>\n<\/div><div class=\"col-sm-4 text-center mb8\">\n    <div class=\"image-box image-round inner-title hover-reveal text-center mb0\">\n        <img loading=\"lazy\" decoding=\"async\" width=\"644\" height=\"644\" src=\"https:\/\/ccargbenelux.com\/wp-content\/uploads\/2023\/02\/D-cintia.jpg\" class=\"attachment-full size-full wp-post-image\" alt=\"\" srcset=\"https:\/\/ccargbenelux.com\/wp-content\/uploads\/2023\/02\/D-cintia.jpg 644w, https:\/\/ccargbenelux.com\/wp-content\/uploads\/2023\/02\/D-cintia-300x300.jpg 300w, https:\/\/ccargbenelux.com\/wp-content\/uploads\/2023\/02\/D-cintia-150x150.jpg 150w, https:\/\/ccargbenelux.com\/wp-content\/uploads\/2023\/02\/D-cintia-60x60.jpg 60w\" sizes=\"auto, (max-width: 644px) 100vw, 644px\" \/>        <div class=\"title\">\n            <h4 class=\"mb0\">\n            Cynthia Rud            <\/h4>\n            <span>Secretaria General<\/span>                                <\/div>\n    <\/div>\n<\/div><\/div><div class=\"row mt24\"><\/div>[\/vc_column][\/vc_row][vc_row full_width=\u00bbstretch_row_content\u00bb disable_element=\u00bbyes\u00bb tlg_large_container=\u00bbwide-container\u00bb tlg_background_style=\u00bbbg-secondary\u00bb tlg_equal_height=\u00bbequal-height\u00bb css=\u00bb.vc_custom_1682523245172{background-color: #000000 !important;}\u00bb][vc_column width=\u00bb1\/2&#8243;]<div id=\"iconbox-69ea37a9cad09\" class=\"   \" style=\"\"><div class=\"icon-link\"><div class=\"boxed-icon boxed boxed-intro relative mb0 text-center  mt50 \">\n\t\t\t\t\t\t\t\t<i style=\"color:#fcbf49!important;background-color:#333333;border-color:#333333;\" class=\"ti-location-pin circle-icon circle-icon-bg small-icon top50  inline-block mb32 l-text fade-color icon-lg\"><\/i>\n\t\t\t\t\t\t\t<h5 style=\"color:#ffffff;\" class=\"widgettitle mb8 mt24\"><\/h5>\n\t\t\t\t\t\t\t<div  class=\"widgetsubtitle mb16\"><\/div>\n\t\t\t\t\t\t\t<div  class=\"icon-content\"><\/p>\n<p style=\"text-align: center;\">B\u00e9lgica<\/p>\n<p>\n<\/div>\n\t\t\t\t\t\t<\/div><\/div><\/div>[\/vc_column][vc_column width=\u00bb1\/2&#8243;]<div id=\"iconbox-69ea37a9cad5a\" class=\"   \" style=\"\"><div class=\"icon-link\"><div class=\"boxed-icon boxed boxed-intro relative mb0 text-center  mt50 \">\n\t\t\t\t\t\t\t\t<i style=\"color:#fcbf49!important;background-color:#333333;border-color:#333333;\" class=\"ti-email circle-icon circle-icon-bg small-icon top50  inline-block mb32 l-text fade-color icon-lg\"><\/i>\n\t\t\t\t\t\t\t<h5 style=\"color:#ffffff;\" class=\"widgettitle mb8 mt24\"><\/h5>\n\t\t\t\t\t\t\t<div  class=\"widgetsubtitle mb16\"><\/div>\n\t\t\t\t\t\t\t<div  class=\"icon-content\"><\/p>\n<p style=\"text-align: center;\">info@ccargbenelux.com<\/p>\n<p>\n<\/div>\n\t\t\t\t\t\t<\/div><\/div><\/div>[\/vc_column][\/vc_row]<\/p>\n","protected":false},"excerpt":{"rendered":"<p>[vc_row tlg_equal_height=\u00bbequal-height\u00bb css=\u00bb.vc_custom_1680617937171{background-color: #ffffff !important;}\u00bb][vc_column css=\u00bb.vc_custom_1676046321029{margin-top: 0px !important;margin-right: 0px !important;margin-bottom: 0px !important;margin-left: 0px !important;padding-top: 0px !important;padding-right:&#8230;<\/p>\n","protected":false},"author":1,"featured_media":8956,"parent":0,"menu_order":0,"comment_status":"closed","ping_status":"closed","template":"","meta":{"footnotes":""},"class_list":["post-9054","page","type-page","status-publish","has-post-thumbnail","hentry"],"_links":{"self":[{"href":"https:\/\/ccargbenelux.com\/es\/wp-json\/wp\/v2\/pages\/9054","targetHints":{"allow":["GET"]}}],"collection":[{"href":"https:\/\/ccargbenelux.com\/es\/wp-json\/wp\/v2\/pages"}],"about":[{"href":"https:\/\/ccargbenelux.com\/es\/wp-json\/wp\/v2\/types\/page"}],"author":[{"embeddable":true,"href":"https:\/\/ccargbenelux.com\/es\/wp-json\/wp\/v2\/users\/1"}],"replies":[{"embeddable":true,"href":"https:\/\/ccargbenelux.com\/es\/wp-json\/wp\/v2\/comments?post=9054"}],"version-history":[{"count":5,"href":"https:\/\/ccargbenelux.com\/es\/wp-json\/wp\/v2\/pages\/9054\/revisions"}],"predecessor-version":[{"id":9204,"href":"https:\/\/ccargbenelux.com\/es\/wp-json\/wp\/v2\/pages\/9054\/revisions\/9204"}],"wp:featuredmedia":[{"embeddable":true,"href":"https:\/\/ccargbenelux.com\/es\/wp-json\/wp\/v2\/media\/8956"}],"wp:attachment":[{"href":"https:\/\/ccargbenelux.com\/es\/wp-json\/wp\/v2\/media?parent=9054"}],"curies":[{"name":"wp","href":"https:\/\/api.w.org\/{rel}","templated":true}]}}